{"id":859,"date":"2025-10-05T18:50:29","date_gmt":"2025-10-05T16:50:29","guid":{"rendered":"https:\/\/coramine.art\/?page_id=859"},"modified":"2025-10-05T18:56:32","modified_gmt":"2025-10-05T16:56:32","slug":"polityka-prywatnosci-2","status":"publish","type":"page","link":"https:\/\/coramine.art\/index.php\/polityka-prywatnosci-2\/","title":{"rendered":"POLITYKA PRYWATNO\u015aCI"},"content":{"rendered":"\n<h3 class=\"wp-block-heading\"><strong>1. Administrator danych<\/strong><\/h3>\n\n\n\n<p>Administratorem danych osobowych jest NOFIN Hubert Lewi\u0144ski, z siedzib\u0105 w Sochaczewie, ul. Grunwaldzka 4A\/29, 96-500.<\/p>\n\n\n\n<h3 class=\"wp-block-heading\"><strong>2. Zakres zbieranych danych<\/strong><\/h3>\n\n\n\n<p>Zbieramy dane takie jak:<br>&#8211; imi\u0119 i nazwisko<br>&#8211; adres e-mail<br>&#8211; adres dostawy i rozliczeniowy<br>&#8211; numer telefonu<br>&#8211; dane do p\u0142atno\u015bci<\/p>\n\n\n\n<h3 class=\"wp-block-heading\"><strong>3. Cel przetwarzania danych<\/strong><\/h3>\n\n\n\n<p>Dane s\u0105 przetwarzane w celu:<br>&#8211; realizacji zam\u00f3wie\u0144<br>&#8211; kontaktu z klientem<br>&#8211; wystawienia faktury<br>&#8211; obs\u0142ugi reklamacji i zwrot\u00f3w<\/p>\n\n\n\n<h3 class=\"wp-block-heading\"><strong>4. Udost\u0119pnianie danych<\/strong><\/h3>\n\n\n\n<p>Dane mog\u0105 by\u0107 przekazywane firmom kurierskim i operatorom p\u0142atno\u015bci wy\u0142\u0105cznie w celu realizacji zam\u00f3wienia.<\/p>\n\n\n\n<h3 class=\"wp-block-heading\"><strong>5. Prawa u\u017cytkownika<\/strong><\/h3>\n\n\n\n<p>Ka\u017cdy u\u017cytkownik ma prawo do:<br>&#8211; dost\u0119pu do swoich danych<br>&#8211; ich poprawienia<br>&#8211; \u017c\u0105dania usuni\u0119cia<br>&#8211; wniesienia sprzeciwu wobec przetwarzania<\/p>\n\n\n\n<h3 class=\"wp-block-heading\"><strong>6. Pliki cookies<\/strong><\/h3>\n\n\n\n<p>Sklep korzysta z plik\u00f3w cookies w celu poprawy dzia\u0142ania strony i analizy ruchu. U\u017cytkownik mo\u017ce zarz\u0105dza\u0107 ustawieniami cookies w swojej przegl\u0105darce.<\/p>\n\n\n\n<h3 class=\"wp-block-heading\"><strong>7. Kontakt w sprawach danych osobowych<\/strong><\/h3>\n\n\n\n<p>\ud83d\udce7 sklep@coramine.art<\/p>\n\n\n\n<p><\/p>\n","protected":false},"excerpt":{"rendered":"<p>1. Administrator danych Administratorem danych osobowych jest NOFIN Hubert Lewi\u0144ski, z siedzib\u0105 w Sochaczewie, ul. Grunwaldzka 4A\/29, 96-500. 2. Zakres zbieranych danych Zbieramy dane takie jak:&#8211; imi\u0119 i nazwisko&#8211; adres e-mail&#8211; adres dostawy i rozliczeniowy&#8211; numer telefonu&#8211; dane do p\u0142atno\u015bci 3. Cel przetwarzania danych Dane s\u0105 przetwarzane w celu:&#8211; realizacji zam\u00f3wie\u0144&#8211; kontaktu z klientem&#8211; wystawienia&hellip;&nbsp;<a href=\"https:\/\/coramine.art\/index.php\/polityka-prywatnosci-2\/\" rel=\"bookmark\"><span class=\"screen-reader-text\">POLITYKA PRYWATNO\u015aCI<\/span><\/a><\/p>\n","protected":false},"author":1,"featured_media":0,"parent":0,"menu_order":0,"comment_status":"closed","ping_status":"closed","template":"","meta":{"neve_meta_sidebar":"","neve_meta_container":"","neve_meta_enable_content_width":"","neve_meta_content_width":0,"neve_meta_title_alignment":"","neve_meta_author_avatar":"","neve_post_elements_order":"","neve_meta_disable_header":"","neve_meta_disable_footer":"","neve_meta_disable_title":"","_themeisle_gutenberg_block_has_review":false,"footnotes":""},"class_list":["post-859","page","type-page","status-publish","hentry"],"jetpack_sharing_enabled":true,"_links":{"self":[{"href":"https:\/\/coramine.art\/index.php\/wp-json\/wp\/v2\/pages\/859","targetHints":{"allow":["GET"]}}],"collection":[{"href":"https:\/\/coramine.art\/index.php\/wp-json\/wp\/v2\/pages"}],"about":[{"href":"https:\/\/coramine.art\/index.php\/wp-json\/wp\/v2\/types\/page"}],"author":[{"embeddable":true,"href":"https:\/\/coramine.art\/index.php\/wp-json\/wp\/v2\/users\/1"}],"replies":[{"embeddable":true,"href":"https:\/\/coramine.art\/index.php\/wp-json\/wp\/v2\/comments?post=859"}],"version-history":[{"count":3,"href":"https:\/\/coramine.art\/index.php\/wp-json\/wp\/v2\/pages\/859\/revisions"}],"predecessor-version":[{"id":866,"href":"https:\/\/coramine.art\/index.php\/wp-json\/wp\/v2\/pages\/859\/revisions\/866"}],"wp:attachment":[{"href":"https:\/\/coramine.art\/index.php\/wp-json\/wp\/v2\/media?parent=859"}],"curies":[{"name":"wp","href":"https:\/\/api.w.org\/{rel}","templated":true}]}}