{"id":847,"date":"2025-10-05T15:34:30","date_gmt":"2025-10-05T13:34:30","guid":{"rendered":"https:\/\/coramine.art\/?page_id=847"},"modified":"2025-10-05T21:54:04","modified_gmt":"2025-10-05T19:54:04","slug":"warunki-korzystania-ze-sklepu-internetowego","status":"publish","type":"page","link":"https:\/\/coramine.art\/index.php\/warunki-korzystania-ze-sklepu-internetowego\/","title":{"rendered":"WARUNKI KORZYSTANIA ZE SKLEPU INTERNETOWEGO"},"content":{"rendered":"\n<h3 class=\"wp-block-heading\">1. Informacje og\u00f3lne<\/h3>\n\n\n\n<p>Sklep internetowy prowadzony jest przez NOFIN Hubert Lewi\u0144ski, oferuj\u0105cy produkty zwi\u0105zane z dzia\u0142alno\u015bci\u0105 zespo\u0142u muzycznego, takie jak p\u0142yty CD, ubrania, gad\u017cety i inne materia\u0142y promocyjne.<\/p>\n\n\n\n<h3 class=\"wp-block-heading\">2. Sk\u0142adanie zam\u00f3wie\u0144<\/h3>\n\n\n\n<p>Zam\u00f3wienia mo\u017cna sk\u0142ada\u0107 przez stron\u0119 internetow\u0105 24\/7.<br>Po z\u0142o\u017ceniu zam\u00f3wienia klient otrzymuje potwierdzenie drog\u0105 mailow\u0105.<br>Zawarcie umowy nast\u0119puje w momencie potwierdzenia zam\u00f3wienia przez sklep.<\/p>\n\n\n\n<h3 class=\"wp-block-heading\">3. Ceny i p\u0142atno\u015bci<\/h3>\n\n\n\n<p>Wszystkie ceny podane s\u0105 w z\u0142otych polskich i zawieraj\u0105 podatek VAT.<br>P\u0142atno\u015bci mo\u017cna dokonywa\u0107 za pomoc\u0105 p\u0142atno\u015bci online (kart\u0105 bankow\u0105 lub poprzez portal Przelewy24).<\/p>\n\n\n\n<h3 class=\"wp-block-heading\">4. Dostawa<\/h3>\n\n\n\n<p>Produkty wysy\u0142ane s\u0105 za po\u015brednictwem InPost do wskazanego w zam\u00f3wieniu punktu odbioru.<br>Czas realizacji zam\u00f3wienia wynosi zazwyczaj od 2 do 5 dni roboczych. W niekt\u00f3rych przypadkach czas realizacji zam\u00f3wienia mo\u017ce si\u0119 wyd\u0142u\u017cy\u0107.<\/p>\n\n\n\n<h3 class=\"wp-block-heading\">5. Zwroty i reklamacje<\/h3>\n\n\n\n<p>Klient ma prawo do odst\u0105pienia od umowy w ci\u0105gu 14 dni od otrzymania przesy\u0142ki.<br>Produkty nale\u017cy zwr\u00f3ci\u0107 w stanie nienaruszonym.<br>Reklamacje mo\u017cna zg\u0142asza\u0107 mailowo na adres: sklep@coramine.art.<\/p>\n\n\n\n<h3 class=\"wp-block-heading\">6. Ochrona praw autorskich<\/h3>\n\n\n\n<p>Wszystkie produkty i tre\u015bci dost\u0119pne w sklepie s\u0105 chronione prawem autorskim. Zabrania si\u0119 ich kopiowania i rozpowszechniania bez zgody w\u0142a\u015bciciela.<\/p>\n\n\n\n<h3 class=\"wp-block-heading\">7. Kontakt<\/h3>\n\n\n\n<p>W razie pyta\u0144 prosimy o kontakt:<br>\ud83d\udce7 sklep@coramine.art<\/p>\n","protected":false},"excerpt":{"rendered":"<p>1. Informacje og\u00f3lne Sklep internetowy prowadzony jest przez NOFIN Hubert Lewi\u0144ski, oferuj\u0105cy produkty zwi\u0105zane z dzia\u0142alno\u015bci\u0105 zespo\u0142u muzycznego, takie jak p\u0142yty CD, ubrania, gad\u017cety i inne materia\u0142y promocyjne. 2. Sk\u0142adanie zam\u00f3wie\u0144 Zam\u00f3wienia mo\u017cna sk\u0142ada\u0107 przez stron\u0119 internetow\u0105 24\/7.Po z\u0142o\u017ceniu zam\u00f3wienia klient otrzymuje potwierdzenie drog\u0105 mailow\u0105.Zawarcie umowy nast\u0119puje w momencie potwierdzenia zam\u00f3wienia przez sklep. 3. Ceny&hellip;&nbsp;<a href=\"https:\/\/coramine.art\/index.php\/warunki-korzystania-ze-sklepu-internetowego\/\" rel=\"bookmark\"><span class=\"screen-reader-text\">WARUNKI KORZYSTANIA ZE SKLEPU INTERNETOWEGO<\/span><\/a><\/p>\n","protected":false},"author":1,"featured_media":0,"parent":0,"menu_order":0,"comment_status":"closed","ping_status":"closed","template":"","meta":{"neve_meta_sidebar":"","neve_meta_container":"","neve_meta_enable_content_width":"","neve_meta_content_width":0,"neve_meta_title_alignment":"left","neve_meta_author_avatar":"","neve_post_elements_order":"","neve_meta_disable_header":"off","neve_meta_disable_footer":"on","neve_meta_disable_title":"off","_themeisle_gutenberg_block_has_review":false,"footnotes":""},"class_list":["post-847","page","type-page","status-publish","hentry"],"jetpack_sharing_enabled":true,"_links":{"self":[{"href":"https:\/\/coramine.art\/index.php\/wp-json\/wp\/v2\/pages\/847","targetHints":{"allow":["GET"]}}],"collection":[{"href":"https:\/\/coramine.art\/index.php\/wp-json\/wp\/v2\/pages"}],"about":[{"href":"https:\/\/coramine.art\/index.php\/wp-json\/wp\/v2\/types\/page"}],"author":[{"embeddable":true,"href":"https:\/\/coramine.art\/index.php\/wp-json\/wp\/v2\/users\/1"}],"replies":[{"embeddable":true,"href":"https:\/\/coramine.art\/index.php\/wp-json\/wp\/v2\/comments?post=847"}],"version-history":[{"count":3,"href":"https:\/\/coramine.art\/index.php\/wp-json\/wp\/v2\/pages\/847\/revisions"}],"predecessor-version":[{"id":870,"href":"https:\/\/coramine.art\/index.php\/wp-json\/wp\/v2\/pages\/847\/revisions\/870"}],"wp:attachment":[{"href":"https:\/\/coramine.art\/index.php\/wp-json\/wp\/v2\/media?parent=847"}],"curies":[{"name":"wp","href":"https:\/\/api.w.org\/{rel}","templated":true}]}}