{"id":51,"date":"2025-08-10T16:00:00","date_gmt":"2025-08-10T14:00:00","guid":{"rendered":"http:\/\/localhost\/projects\/Neve-music-band\/?page_id=51"},"modified":"2025-10-01T00:39:39","modified_gmt":"2025-09-30T22:39:39","slug":"b56e6-home","status":"publish","type":"page","link":"https:\/\/coramine.art\/","title":{"rendered":"G\u0142\u00f3wna"},"content":{"rendered":"\n<div id=\"wp-block-themeisle-blocks-advanced-columns-140745f7\" class=\"wp-block-themeisle-blocks-advanced-columns alignfull has-1-columns has-desktop-equal-layout has-tablet-equal-layout has-mobile-equal-layout has-vertical-unset has-dark-bg\"><div class=\"wp-block-themeisle-blocks-advanced-columns-overlay\"><\/div><div class=\"innerblocks-wrap\">\n<div id=\"wp-block-themeisle-blocks-advanced-column-de46115f\" class=\"wp-block-themeisle-blocks-advanced-column has-dark-bg\">\n<h5 id=\"wp-block-themeisle-blocks-advanced-heading-7faf37d6\" class=\"wp-block-themeisle-blocks-advanced-heading wp-block-themeisle-blocks-advanced-heading-7faf37d6\"><strong>TRASA KONCERTOWA<\/strong><\/h5>\n\n\n\n<h1 id=\"wp-block-themeisle-blocks-advanced-heading-f537e6a0\" class=\"wp-block-themeisle-blocks-advanced-heading wp-block-themeisle-blocks-advanced-heading-f537e6a0\">PROFANUS TOUR<br>JESIE\u0143 2025<\/h1>\n\n\n\n<figure class=\"wp-block-image size-full\"><img loading=\"lazy\" decoding=\"async\" width=\"820\" height=\"312\" src=\"http:\/\/serwer2575337.home.pl\/autoinstalator\/wordpress\/wp-content\/uploads\/2025\/09\/Profanus-tour.jpg\" alt=\"\" class=\"wp-image-779\" srcset=\"https:\/\/coramine.art\/wp-content\/uploads\/2025\/09\/Profanus-tour.jpg 820w, https:\/\/coramine.art\/wp-content\/uploads\/2025\/09\/Profanus-tour-300x114.jpg 300w, https:\/\/coramine.art\/wp-content\/uploads\/2025\/09\/Profanus-tour-768x292.jpg 768w, https:\/\/coramine.art\/wp-content\/uploads\/2025\/09\/Profanus-tour-600x228.jpg 600w\" sizes=\"(max-width: 820px) 100vw, 820px\" \/><\/figure>\n\n\n\n<p class=\"has-nv-text-dark-bg-color has-text-color\">Ju\u017c w pa\u017adzierniku ruszamy w tras\u0119!<br>Przed nami, na jesiennym odcinku &#8222;Profanus Tour&#8221; 8 koncert\u00f3w w r\u00f3\u017cnych miastach w Polsce.<\/p>\n\n\n\n<p class=\"has-nv-text-dark-bg-color has-text-color\">Ju\u017c teraz kup bilet na wydarzenie w Twojej okolicy!<\/p>\n\n\n\n<p>Szczeg\u00f3\u0142y poni\u017cej w sekcji DATY KONCERT\u00d3W lub na tronie Evently<\/p>\n\n\n\n<div id=\"wp-block-themeisle-blocks-button-group-a45bf444\" class=\"wp-block-themeisle-blocks-button-group wp-block-buttons\">\n<div id=\"wp-block-themeisle-blocks-button-1ddd9060\" class=\"wp-block-themeisle-blocks-button wp-block-button\"><a href=\"https:\/\/app.evently.pl\/organizers\/14582\" target=\"_blank\" rel=\"noopener noreferrer\" class=\"wp-block-button__link\"><span>Evently<\/span><\/a><\/div>\n<\/div>\n<\/div>\n<\/div><\/div>\n\n\n\n<div id=\"wp-block-themeisle-blocks-advanced-columns-d7fababe\" class=\"wp-block-themeisle-blocks-advanced-columns alignfull has-2-columns has-desktop-equal-layout has-tablet-equal-layout has-mobile-collapsedRows-layout has-vertical-center\"><div class=\"wp-block-themeisle-blocks-advanced-columns-overlay\"><\/div><div class=\"innerblocks-wrap\">\n<div id=\"wp-block-themeisle-blocks-advanced-column-21fd6746\" class=\"wp-block-themeisle-blocks-advanced-column\">\n<div class=\"wp-block-group\"><div class=\"wp-block-group__inner-container is-layout-constrained wp-block-group-is-layout-constrained\">\n<div id=\"wp-block-themeisle-blocks-button-group-ccf354df\" class=\"wp-block-themeisle-blocks-button-group collapse-mobile wp-block-buttons align-right-desktop align-center-mobile\">\n<div id=\"wp-block-themeisle-blocks-button-4bfd4412\" class=\"wp-block-themeisle-blocks-button wp-block-button\"><a href=\"https:\/\/open.spotify.com\/artist\/7p5zDzldCpcbUo3Cf8lpvU?si=JUDjpjI-S_aeB6t_gQ-KnQ\" target=\"_blank\" rel=\"noopener noreferrer\" class=\"wp-block-button__link\"><i class=\"fab fa-fw fa-spotify margin-right\"><\/i><span>SPOTIFY<\/span><\/a><\/div>\n\n\n\n<div id=\"wp-block-themeisle-blocks-button-1cbedfa7\" class=\"wp-block-themeisle-blocks-button wp-block-button\"><a href=\"https:\/\/www.youtube.com\/@coramineband\" target=\"_blank\" rel=\"noopener noreferrer\" class=\"wp-block-button__link\"><i class=\"fab fa-fw fa-youtube margin-right\"><\/i><span>YOUTUBE<\/span><\/a><\/div>\n\n\n\n<div id=\"wp-block-themeisle-blocks-button-e781fbb2\" class=\"wp-block-themeisle-blocks-button wp-block-button\"><a href=\"https:\/\/music.apple.com\/pl\/artist\/coramine\/1533124729?l=pl\" target=\"_blank\" rel=\"noopener noreferrer\" class=\"wp-block-button__link\"><i class=\"fas fa-fw fa-music margin-right\"><\/i><span>APPLE MUSIC<\/span><\/a><\/div>\n<\/div>\n<\/div><\/div>\n<\/div>\n\n\n\n<div id=\"wp-block-themeisle-blocks-advanced-column-06d23fb9\" class=\"wp-block-themeisle-blocks-advanced-column\">\n<div id=\"wp-block-themeisle-blocks-button-group-c2eb2287\" class=\"wp-block-themeisle-blocks-button-group collapse-mobile wp-block-buttons align-left-desktop align-center-mobile\">\n<div id=\"wp-block-themeisle-blocks-button-5b122e83\" class=\"wp-block-themeisle-blocks-button wp-block-button\"><a href=\"https:\/\/www.facebook.com\/coramineband\" target=\"_blank\" rel=\"noopener noreferrer\" class=\"wp-block-button__link\"><i class=\"fab fa-fw fa-facebook margin-right\"><\/i><span>FACEBOOK<\/span><\/a><\/div>\n\n\n\n<div id=\"wp-block-themeisle-blocks-button-8f0240f6\" class=\"wp-block-themeisle-blocks-button wp-block-button\"><a href=\"https:\/\/www.instagram.com\/coramineband\/\" target=\"_blank\" rel=\"noopener noreferrer\" class=\"wp-block-button__link\"><i class=\"fab fa-fw fa-instagram margin-right\"><\/i><span>INSTAGRAM<\/span><\/a><\/div>\n\n\n\n<div id=\"wp-block-themeisle-blocks-button-c29a6324\" class=\"wp-block-themeisle-blocks-button wp-block-button\"><a href=\"https:\/\/coramine.bandcamp.com\/music\" target=\"_blank\" rel=\"noopener noreferrer\" class=\"wp-block-button__link\"><i class=\"fab fa-fw fa-bandcamp margin-right\"><\/i><span>BANDCAMP<\/span><\/a><\/div>\n<\/div>\n<\/div>\n<\/div><\/div>\n\n\n\n<div id=\"wp-block-themeisle-blocks-advanced-columns-d6f856a7\" class=\"wp-block-themeisle-blocks-advanced-columns alignfull has-1-columns has-desktop-equal-layout has-tablet-equal-layout has-mobile-equal-layout has-vertical-unset has-dark-bg\"><div class=\"wp-block-themeisle-blocks-advanced-columns-overlay\"><\/div><div class=\"innerblocks-wrap\">\n<div id=\"wp-block-themeisle-blocks-advanced-column-ea8488c3\" class=\"wp-block-themeisle-blocks-advanced-column\">\n<h5 id=\"wp-block-themeisle-blocks-advanced-heading-61435a56\" class=\"wp-block-themeisle-blocks-advanced-heading wp-block-themeisle-blocks-advanced-heading-61435a56\"><strong>NOWO\u015aCI<\/strong> ZE \u015aWIATA<\/h5>\n\n\n\n<h2 id=\"wp-block-themeisle-blocks-advanced-heading-679e770c\" class=\"wp-block-themeisle-blocks-advanced-heading wp-block-themeisle-blocks-advanced-heading-679e770c\"> CORAMINE<\/h2>\n<\/div>\n<\/div><\/div>\n\n\n\n<div id=\"wp-block-themeisle-blocks-advanced-columns-f2312b3c\" class=\"wp-block-themeisle-blocks-advanced-columns alignfull has-1-columns has-desktop-equal-layout has-tablet-equal-layout has-mobile-equal-layout has-vertical-top has-dark-bg\"><div class=\"wp-block-themeisle-blocks-advanced-columns-overlay\"><\/div><div class=\"innerblocks-wrap\">\n<div id=\"wp-block-themeisle-blocks-advanced-column-573f12cd\" class=\"wp-block-themeisle-blocks-advanced-column\"><div class=\"ticss-c3191df1 wp-block-themeisle-blocks-posts-grid\" id=\"wp-block-themeisle-blocks-posts-grid-12c96a0a\"><div class=\"is-grid o-posts-grid-columns-3\"><div class=\"o-posts-grid-post-blog o-posts-grid-post-plain\"><div class=\"o-posts-grid-post\"><div class=\"o-posts-grid-post-image\"><a href=\"https:\/\/coramine.art\/index.php\/2025\/09\/29\/profanus-tour-jesien-2025\/\"><img loading=\"lazy\" decoding=\"async\" width=\"820\" height=\"312\" src=\"https:\/\/coramine.art\/wp-content\/uploads\/2025\/09\/Profanus-tour.jpg\" class=\"attachment-full size-full\" alt=\"Og\u0142aszamy Profanus Tour &#8211; Jesie\u0144 2025\" srcset=\"https:\/\/coramine.art\/wp-content\/uploads\/2025\/09\/Profanus-tour.jpg 820w, https:\/\/coramine.art\/wp-content\/uploads\/2025\/09\/Profanus-tour-300x114.jpg 300w, https:\/\/coramine.art\/wp-content\/uploads\/2025\/09\/Profanus-tour-768x292.jpg 768w, https:\/\/coramine.art\/wp-content\/uploads\/2025\/09\/Profanus-tour-600x228.jpg 600w\" sizes=\"(max-width: 820px) 100vw, 820px\" \/><\/a><\/div><div class=\"o-posts-grid-post-body\"><h3 class=\"o-posts-grid-post-title\"><a href=\"https:\/\/coramine.art\/index.php\/2025\/09\/29\/profanus-tour-jesien-2025\/\">Og\u0142aszamy Profanus Tour &#8211; Jesie\u0144 2025<\/a><\/h3><div class=\"o-posts-grid-post-description\"><p><\/p><\/div><\/div><\/div><\/div><div class=\"o-posts-grid-post-blog o-posts-grid-post-plain\"><div class=\"o-posts-grid-post\"><div class=\"o-posts-grid-post-image\"><a href=\"https:\/\/coramine.art\/index.php\/2025\/09\/24\/premiera-albumu-r4584\/\"><img loading=\"lazy\" decoding=\"async\" width=\"773\" height=\"708\" src=\"https:\/\/coramine.art\/wp-content\/uploads\/2025\/09\/R45.84.jpg\" class=\"attachment-full size-full\" alt=\"Premiera albumu R45.84\" srcset=\"https:\/\/coramine.art\/wp-content\/uploads\/2025\/09\/R45.84.jpg 773w, https:\/\/coramine.art\/wp-content\/uploads\/2025\/09\/R45.84-300x275.jpg 300w, https:\/\/coramine.art\/wp-content\/uploads\/2025\/09\/R45.84-768x703.jpg 768w, https:\/\/coramine.art\/wp-content\/uploads\/2025\/09\/R45.84-600x550.jpg 600w\" sizes=\"(max-width: 773px) 100vw, 773px\" \/><\/a><\/div><div class=\"o-posts-grid-post-body\"><h3 class=\"o-posts-grid-post-title\"><a href=\"https:\/\/coramine.art\/index.php\/2025\/09\/24\/premiera-albumu-r4584\/\">Premiera albumu R45.84<\/a><\/h3><div class=\"o-posts-grid-post-description\"><p><\/p><\/div><\/div><\/div><\/div><div class=\"o-posts-grid-post-blog o-posts-grid-post-plain\"><div class=\"o-posts-grid-post\"><div class=\"o-posts-grid-post-image\"><a href=\"https:\/\/coramine.art\/index.php\/2025\/08\/20\/nowy-singiel-profanus\/\"><img loading=\"lazy\" decoding=\"async\" width=\"1080\" height=\"1080\" src=\"https:\/\/coramine.art\/wp-content\/uploads\/2025\/08\/PROFANUS_COVER.jpg\" class=\"attachment-full size-full\" alt=\"Nowy singiel &#8211; Profanus\" srcset=\"https:\/\/coramine.art\/wp-content\/uploads\/2025\/08\/PROFANUS_COVER.jpg 1080w, https:\/\/coramine.art\/wp-content\/uploads\/2025\/08\/PROFANUS_COVER-300x300.jpg 300w, https:\/\/coramine.art\/wp-content\/uploads\/2025\/08\/PROFANUS_COVER-100x100.jpg 100w, https:\/\/coramine.art\/wp-content\/uploads\/2025\/08\/PROFANUS_COVER-600x600.jpg 600w, https:\/\/coramine.art\/wp-content\/uploads\/2025\/08\/PROFANUS_COVER-1024x1024.jpg 1024w, https:\/\/coramine.art\/wp-content\/uploads\/2025\/08\/PROFANUS_COVER-150x150.jpg 150w, https:\/\/coramine.art\/wp-content\/uploads\/2025\/08\/PROFANUS_COVER-768x768.jpg 768w\" sizes=\"(max-width: 1080px) 100vw, 1080px\" \/><\/a><\/div><div class=\"o-posts-grid-post-body\"><h3 class=\"o-posts-grid-post-title\"><a href=\"https:\/\/coramine.art\/index.php\/2025\/08\/20\/nowy-singiel-profanus\/\">Nowy singiel &#8211; Profanus<\/a><\/h3><div class=\"o-posts-grid-post-description\"><p><\/p><\/div><\/div><\/div><\/div><\/div> <\/div><\/div>\n<\/div><\/div>\n\n\n\n<div id=\"wp-block-themeisle-blocks-advanced-columns-495c416d\" class=\"wp-block-themeisle-blocks-advanced-columns alignfull has-1-columns has-desktop-equal-layout has-tablet-equal-layout has-mobile-equal-layout has-vertical-unset has-dark-bg\"><div class=\"wp-block-themeisle-blocks-advanced-columns-overlay\"><\/div><div class=\"innerblocks-wrap\">\n<div id=\"wp-block-themeisle-blocks-advanced-column-678eab8a\" class=\"wp-block-themeisle-blocks-advanced-column\">\n<h5 id=\"wp-block-themeisle-blocks-advanced-heading-ac801b89\" class=\"wp-block-themeisle-blocks-advanced-heading wp-block-themeisle-blocks-advanced-heading-ac801b89\"><strong> <\/strong>daty koncert\u00f3w<\/h5>\n\n\n\n<h2 id=\"wp-block-themeisle-blocks-advanced-heading-32a0efbd\" class=\"wp-block-themeisle-blocks-advanced-heading wp-block-themeisle-blocks-advanced-heading-32a0efbd\"> profanus tour<\/h2>\n\n\n\n<h3 id=\"wp-block-themeisle-blocks-advanced-heading-894349f1\" class=\"wp-block-themeisle-blocks-advanced-heading wp-block-themeisle-blocks-advanced-heading-894349f1\">JESIE\u0143 2025<\/h3>\n<\/div>\n<\/div><\/div>\n\n\n\n<div id=\"wp-block-themeisle-blocks-advanced-columns-b84b0f85\" class=\"wp-block-themeisle-blocks-advanced-columns alignfull has-3-columns has-desktop-equal-layout has-tablet-equal-layout has-mobile-collapsedRows-layout has-vertical-unset has-dark-bg\"><div class=\"wp-block-themeisle-blocks-advanced-columns-overlay\"><\/div><div class=\"innerblocks-wrap\">\n<div id=\"wp-block-themeisle-blocks-advanced-column-dba0cf43\" class=\"wp-block-themeisle-blocks-advanced-column\">\n<h3 id=\"wp-block-themeisle-blocks-advanced-heading-acbd4c95\" class=\"wp-block-themeisle-blocks-advanced-heading wp-block-themeisle-blocks-advanced-heading-acbd4c95\">8 pa\u017adziernika<\/h3>\n\n\n\n<h4 id=\"wp-block-themeisle-blocks-advanced-heading-85e78ab0\" class=\"wp-block-themeisle-blocks-advanced-heading wp-block-themeisle-blocks-advanced-heading-85e78ab0\"> warszawa, mechanik<\/h4>\n\n\n\n<hr class=\"wp-block-separator has-text-color has-white-color has-css-opacity has-white-background-color has-background\"\/>\n\n\n\n<div id=\"wp-block-themeisle-blocks-button-group-89d92ac5\" class=\"wp-block-themeisle-blocks-button-group wp-block-buttons align-center\">\n<div id=\"wp-block-themeisle-blocks-button-8f17f875\" class=\"wp-block-themeisle-blocks-button wp-block-button\"><a href=\"https:\/\/app.evently.pl\/events\/10078-coramine-x-people-of-maha-warszawa-mechanik\" target=\"_blank\" rel=\"noopener noreferrer\" class=\"wp-block-button__link\"><span>Kup Bilet<\/span><\/a><\/div>\n<\/div>\n<\/div>\n\n\n\n<div id=\"wp-block-themeisle-blocks-advanced-column-9d18537a\" class=\"wp-block-themeisle-blocks-advanced-column\">\n<h3 id=\"wp-block-themeisle-blocks-advanced-heading-68ceb86a\" class=\"wp-block-themeisle-blocks-advanced-heading wp-block-themeisle-blocks-advanced-heading-68ceb86a\">9 pa\u017adziernika<\/h3>\n\n\n\n<h4 id=\"wp-block-themeisle-blocks-advanced-heading-163d677a\" class=\"wp-block-themeisle-blocks-advanced-heading wp-block-themeisle-blocks-advanced-heading-163d677a\"> toru\u0144, Kombinat Kultury<\/h4>\n\n\n\n<hr class=\"wp-block-separator has-text-color has-white-color has-css-opacity has-white-background-color has-background\"\/>\n\n\n\n<div id=\"wp-block-themeisle-blocks-button-group-2faacebd\" class=\"wp-block-themeisle-blocks-button-group wp-block-buttons align-center\">\n<div id=\"wp-block-themeisle-blocks-button-9d7d4271\" class=\"wp-block-themeisle-blocks-button wp-block-button\"><a href=\"https:\/\/app.evently.pl\/events\/10116-coramine-people-of-maha-torun-kombinat-kultury\" target=\"_blank\" rel=\"noopener noreferrer\" class=\"wp-block-button__link\"><span>Kup Bilet<\/span><\/a><\/div>\n<\/div>\n<\/div>\n\n\n\n<div id=\"wp-block-themeisle-blocks-advanced-column-f4924180\" class=\"wp-block-themeisle-blocks-advanced-column\">\n<h3 id=\"wp-block-themeisle-blocks-advanced-heading-f88b3b1c\" class=\"wp-block-themeisle-blocks-advanced-heading wp-block-themeisle-blocks-advanced-heading-f88b3b1c\">10 pa\u017adziernika<\/h3>\n\n\n\n<h4 id=\"wp-block-themeisle-blocks-advanced-heading-ddaa84b4\" class=\"wp-block-themeisle-blocks-advanced-heading wp-block-themeisle-blocks-advanced-heading-ddaa84b4\"> olsztyn, Galeria Sowa<\/h4>\n\n\n\n<hr class=\"wp-block-separator has-text-color has-white-color has-css-opacity has-white-background-color has-background\"\/>\n\n\n\n<div id=\"wp-block-themeisle-blocks-button-group-d3f67eb6\" class=\"wp-block-themeisle-blocks-button-group wp-block-buttons align-center\">\n<div id=\"wp-block-themeisle-blocks-button-f51b72b6\" class=\"wp-block-themeisle-blocks-button wp-block-button\"><a href=\"https:\/\/app.evently.pl\/events\/10251-coramine-people-of-maha-olsztyn-galeria-sowa\" target=\"_blank\" rel=\"noopener noreferrer\" class=\"wp-block-button__link\"><span>Kup Bilet<\/span><\/a><\/div>\n<\/div>\n<\/div>\n<\/div><\/div>\n\n\n\n<div id=\"wp-block-themeisle-blocks-advanced-columns-3f1cc11b\" class=\"wp-block-themeisle-blocks-advanced-columns alignfull has-3-columns has-desktop-equal-layout has-tablet-equal-layout has-mobile-collapsedRows-layout has-vertical-unset has-dark-bg\"><div class=\"wp-block-themeisle-blocks-advanced-columns-overlay\"><\/div><div class=\"innerblocks-wrap\">\n<div id=\"wp-block-themeisle-blocks-advanced-column-1e3d94f4\" class=\"wp-block-themeisle-blocks-advanced-column\">\n<h3 id=\"wp-block-themeisle-blocks-advanced-heading-f3e760ed\" class=\"wp-block-themeisle-blocks-advanced-heading wp-block-themeisle-blocks-advanced-heading-f3e760ed\">12 pa\u017adziernika<\/h3>\n\n\n\n<h4 id=\"wp-block-themeisle-blocks-advanced-heading-43efdc37\" class=\"wp-block-themeisle-blocks-advanced-heading wp-block-themeisle-blocks-advanced-heading-43efdc37\"> kielce, Chicago<\/h4>\n\n\n\n<hr class=\"wp-block-separator has-text-color has-white-color has-css-opacity has-white-background-color has-background\"\/>\n\n\n\n<div id=\"wp-block-themeisle-blocks-button-group-57419c44\" class=\"wp-block-themeisle-blocks-button-group wp-block-buttons align-center\">\n<div id=\"wp-block-themeisle-blocks-button-81038178\" class=\"wp-block-themeisle-blocks-button wp-block-button\"><a href=\"https:\/\/app.evently.pl\/events\/10252-coramine-people-of-maha-kielce-chicago\" target=\"_blank\" rel=\"noopener noreferrer\" class=\"wp-block-button__link\"><span>Kup Bilet<\/span><\/a><\/div>\n<\/div>\n<\/div>\n\n\n\n<div id=\"wp-block-themeisle-blocks-advanced-column-abc31094\" class=\"wp-block-themeisle-blocks-advanced-column\">\n<h3 id=\"wp-block-themeisle-blocks-advanced-heading-79c92572\" class=\"wp-block-themeisle-blocks-advanced-heading wp-block-themeisle-blocks-advanced-heading-79c92572\">30 pa\u017adziernika<\/h3>\n\n\n\n<h4 id=\"wp-block-themeisle-blocks-advanced-heading-f8239304\" class=\"wp-block-themeisle-blocks-advanced-heading wp-block-themeisle-blocks-advanced-heading-f8239304\"> Bia\u0142ystok, Sze\u015bcian<\/h4>\n\n\n\n<hr class=\"wp-block-separator has-text-color has-white-color has-css-opacity has-white-background-color has-background\"\/>\n\n\n\n<div id=\"wp-block-themeisle-blocks-button-group-23e50990\" class=\"wp-block-themeisle-blocks-button-group wp-block-buttons align-center\">\n<div id=\"wp-block-themeisle-blocks-button-b82d67ed\" class=\"wp-block-themeisle-blocks-button wp-block-button\"><a href=\"https:\/\/app.evently.pl\/events\/10580-coramine-despizer-bialystok-szescian\" target=\"_blank\" rel=\"noopener noreferrer\" class=\"wp-block-button__link\"><span>Kup Bilet<\/span><\/a><\/div>\n<\/div>\n<\/div>\n\n\n\n<div id=\"wp-block-themeisle-blocks-advanced-column-bc7eb1a7\" class=\"wp-block-themeisle-blocks-advanced-column\">\n<h3 id=\"wp-block-themeisle-blocks-advanced-heading-295d42b8\" class=\"wp-block-themeisle-blocks-advanced-heading wp-block-themeisle-blocks-advanced-heading-295d42b8\">7 listopada<\/h3>\n\n\n\n<h4 id=\"wp-block-themeisle-blocks-advanced-heading-fdef20bf\" class=\"wp-block-themeisle-blocks-advanced-heading wp-block-themeisle-blocks-advanced-heading-fdef20bf\"> \u0141\u00f3d\u017a, Przechowalnia<\/h4>\n\n\n\n<hr class=\"wp-block-separator has-text-color has-white-color has-css-opacity has-white-background-color has-background\"\/>\n\n\n\n<div id=\"wp-block-themeisle-blocks-button-group-3ed3336c\" class=\"wp-block-themeisle-blocks-button-group wp-block-buttons align-center\">\n<div id=\"wp-block-themeisle-blocks-button-89016b73\" class=\"wp-block-themeisle-blocks-button wp-block-button\"><a href=\"https:\/\/app.evently.pl\/events\/10578-coramine-dumb-moon-lodz-przechowalnia\" target=\"_blank\" rel=\"noopener noreferrer\" class=\"wp-block-button__link\"><span>Kup Bilet<\/span><\/a><\/div>\n<\/div>\n<\/div>\n<\/div><\/div>\n\n\n\n<div id=\"wp-block-themeisle-blocks-advanced-columns-04a5928d\" class=\"wp-block-themeisle-blocks-advanced-columns alignfull has-2-columns has-desktop-equal-layout has-tablet-equal-layout has-mobile-collapsedRows-layout has-vertical-unset has-dark-bg\"><div class=\"wp-block-themeisle-blocks-advanced-columns-overlay\"><\/div><div class=\"innerblocks-wrap\">\n<div id=\"wp-block-themeisle-blocks-advanced-column-fc8a0773\" class=\"wp-block-themeisle-blocks-advanced-column\">\n<h3 id=\"wp-block-themeisle-blocks-advanced-heading-487590e2\" class=\"wp-block-themeisle-blocks-advanced-heading wp-block-themeisle-blocks-advanced-heading-487590e2\">11 Listopada<\/h3>\n\n\n\n<h4 id=\"wp-block-themeisle-blocks-advanced-heading-dc3e053c\" class=\"wp-block-themeisle-blocks-advanced-heading wp-block-themeisle-blocks-advanced-heading-dc3e053c\"> Wroc\u0142aw, Klub Liverpool<\/h4>\n\n\n\n<hr class=\"wp-block-separator has-text-color has-white-color has-css-opacity has-white-background-color has-background\"\/>\n\n\n\n<div id=\"wp-block-themeisle-blocks-button-group-11f346e3\" class=\"wp-block-themeisle-blocks-button-group wp-block-buttons align-center\">\n<div id=\"wp-block-themeisle-blocks-button-0714f6f2\" class=\"wp-block-themeisle-blocks-button wp-block-button\"><a href=\"https:\/\/app.evently.pl\/events\/10579-coramine-euphorizone-wroclaw-klub-liverpool\" target=\"_blank\" rel=\"noopener noreferrer\" class=\"wp-block-button__link\"><span>Kup Bilet<\/span><\/a><\/div>\n<\/div>\n<\/div>\n\n\n\n<div id=\"wp-block-themeisle-blocks-advanced-column-adf2d6b5\" class=\"wp-block-themeisle-blocks-advanced-column\">\n<h3 id=\"wp-block-themeisle-blocks-advanced-heading-def30567\" class=\"wp-block-themeisle-blocks-advanced-heading wp-block-themeisle-blocks-advanced-heading-def30567\">16 listopada<\/h3>\n\n\n\n<h4 id=\"wp-block-themeisle-blocks-advanced-heading-88a95360\" class=\"wp-block-themeisle-blocks-advanced-heading wp-block-themeisle-blocks-advanced-heading-88a95360\"> Bydgoszcz, Over The Under<\/h4>\n\n\n\n<hr class=\"wp-block-separator has-text-color has-white-color has-css-opacity has-white-background-color has-background\"\/>\n\n\n\n<div id=\"wp-block-themeisle-blocks-button-group-6f14fecd\" class=\"wp-block-themeisle-blocks-button-group wp-block-buttons align-center\">\n<div id=\"wp-block-themeisle-blocks-button-74a9070d\" class=\"wp-block-themeisle-blocks-button wp-block-button\"><a href=\"https:\/\/app.evently.pl\/events\/10581-coramine-euphorizone-bydgoszcz-over-the-under\" target=\"_blank\" rel=\"noopener noreferrer\" class=\"wp-block-button__link\"><span>Kup Bilet<\/span><\/a><\/div>\n<\/div>\n<\/div>\n<\/div><\/div>\n\n\n\n<p><\/p>\n","protected":false},"excerpt":{"rendered":"","protected":false},"author":1,"featured_media":585,"parent":0,"menu_order":0,"comment_status":"closed","ping_status":"closed","template":"page-templates\/template-pagebuilder-full-width.php","meta":{"neve_meta_sidebar":"","neve_meta_container":"default","neve_meta_enable_content_width":"off","neve_meta_content_width":70,"neve_meta_title_alignment":"left","neve_meta_author_avatar":"","neve_post_elements_order":"","neve_meta_disable_header":"","neve_meta_disable_footer":"","neve_meta_disable_title":"on","_themeisle_gutenberg_block_has_review":false,"footnotes":""},"class_list":["post-51","page","type-page","status-publish","has-post-thumbnail","hentry"],"jetpack_sharing_enabled":true,"_links":{"self":[{"href":"https:\/\/coramine.art\/index.php\/wp-json\/wp\/v2\/pages\/51","targetHints":{"allow":["GET"]}}],"collection":[{"href":"https:\/\/coramine.art\/index.php\/wp-json\/wp\/v2\/pages"}],"about":[{"href":"https:\/\/coramine.art\/index.php\/wp-json\/wp\/v2\/types\/page"}],"author":[{"embeddable":true,"href":"https:\/\/coramine.art\/index.php\/wp-json\/wp\/v2\/users\/1"}],"replies":[{"embeddable":true,"href":"https:\/\/coramine.art\/index.php\/wp-json\/wp\/v2\/comments?post=51"}],"version-history":[{"count":51,"href":"https:\/\/coramine.art\/index.php\/wp-json\/wp\/v2\/pages\/51\/revisions"}],"predecessor-version":[{"id":838,"href":"https:\/\/coramine.art\/index.php\/wp-json\/wp\/v2\/pages\/51\/revisions\/838"}],"wp:featuredmedia":[{"embeddable":true,"href":"https:\/\/coramine.art\/index.php\/wp-json\/wp\/v2\/media\/585"}],"wp:attachment":[{"href":"https:\/\/coramine.art\/index.php\/wp-json\/wp\/v2\/media?parent=51"}],"curies":[{"name":"wp","href":"https:\/\/api.w.org\/{rel}","templated":true}]}}